{"id":2115,"date":"2018-05-07T14:04:18","date_gmt":"2018-05-07T14:04:18","guid":{"rendered":"https:\/\/vuelift.com\/design\/"},"modified":"2026-01-09T14:32:57","modified_gmt":"2026-01-09T19:32:57","slug":"design","status":"publish","type":"page","link":"https:\/\/vuelift.com\/fr-CA\/design\/","title":{"rendered":"Design"},"content":{"rendered":"","protected":false},"excerpt":{"rendered":"","protected":false},"author":8,"featured_media":0,"parent":0,"menu_order":2,"comment_status":"closed","ping_status":"closed","template":"","meta":{"_acf_changed":false,"footnotes":""},"class_list":["post-2115","page","type-page","status-publish","hentry"],"acf":[],"yoast_head":"<!-- This site is optimized with the Yoast SEO Premium plugin v27.2 (Yoast SEO v27.3) - https:\/\/yoast.com\/product\/yoast-seo-premium-wordpress\/ -->\n<title>Ascenseurs de luxe | Ascenseur en verre | Vuelift de Savaria<\/title>\n<meta name=\"description\" content=\"L&#039;ascenseur panoramique en verre Savaria Vuelift est le nec plus ultra du luxe. Avec un choix de mod\u00e8les ronds et octogonaux fabriqu\u00e9s avec les meilleurs mat\u00e9riaux pour r\u00e9pondre aux normes de s\u00e9curit\u00e9 les plus strictes, le Vuelift augmente le confort au foyer et se d\u00e9marque par son design unique.\" \/>\n<meta name=\"robots\" content=\"index, follow, max-snippet:-1, max-image-preview:large, max-video-preview:-1\" \/>\n<link rel=\"canonical\" href=\"https:\/\/vuelift.com\/fr-CA\/design\/\" \/>\n<meta property=\"og:locale\" content=\"fr_CA\" \/>\n<meta property=\"og:type\" content=\"article\" \/>\n<meta property=\"og:title\" content=\"Design\" \/>\n<meta property=\"og:description\" content=\"L&#039;ascenseur panoramique en verre Savaria Vuelift est le nec plus ultra du luxe. Avec un choix de mod\u00e8les ronds et octogonaux fabriqu\u00e9s avec les meilleurs mat\u00e9riaux pour r\u00e9pondre aux normes de s\u00e9curit\u00e9 les plus strictes, le Vuelift augmente le confort au foyer et se d\u00e9marque par son design unique.\" \/>\n<meta property=\"og:url\" content=\"https:\/\/vuelift.com\/fr-CA\/design\/\" \/>\n<meta property=\"og:site_name\" content=\"Savaria Vuelift\" \/>\n<meta property=\"article:publisher\" content=\"https:\/\/www.facebook.com\/savariabettermobility\" \/>\n<meta property=\"article:modified_time\" content=\"2026-01-09T19:32:57+00:00\" \/>\n<meta name=\"twitter:card\" content=\"summary_large_image\" \/>\n<meta name=\"twitter:site\" content=\"@mobilityforlife\" \/>\n<script type=\"application\/ld+json\" class=\"yoast-schema-graph\">{\"@context\":\"https:\\\/\\\/schema.org\",\"@graph\":[{\"@type\":\"WebPage\",\"@id\":\"https:\\\/\\\/vuelift.com\\\/fr-CA\\\/design\\\/\",\"url\":\"https:\\\/\\\/vuelift.com\\\/fr-CA\\\/design\\\/\",\"name\":\"Ascenseurs de luxe | Ascenseur en verre | Vuelift de Savaria\",\"isPartOf\":{\"@id\":\"https:\\\/\\\/vuelift.com\\\/fr-CA\\\/#website\"},\"datePublished\":\"2018-05-07T14:04:18+00:00\",\"dateModified\":\"2026-01-09T19:32:57+00:00\",\"description\":\"L'ascenseur panoramique en verre Savaria Vuelift est le nec plus ultra du luxe. Avec un choix de mod\u00e8les ronds et octogonaux fabriqu\u00e9s avec les meilleurs mat\u00e9riaux pour r\u00e9pondre aux normes de s\u00e9curit\u00e9 les plus strictes, le Vuelift augmente le confort au foyer et se d\u00e9marque par son design unique.\",\"breadcrumb\":{\"@id\":\"https:\\\/\\\/vuelift.com\\\/fr-CA\\\/design\\\/#breadcrumb\"},\"inLanguage\":\"fr-CA\",\"potentialAction\":[{\"@type\":\"ReadAction\",\"target\":[\"https:\\\/\\\/vuelift.com\\\/fr-CA\\\/design\\\/\"]}]},{\"@type\":\"BreadcrumbList\",\"@id\":\"https:\\\/\\\/vuelift.com\\\/fr-CA\\\/design\\\/#breadcrumb\",\"itemListElement\":[{\"@type\":\"ListItem\",\"position\":1,\"name\":\"Accueil\",\"item\":\"https:\\\/\\\/vuelift.com\\\/fr-CA\\\/\"},{\"@type\":\"ListItem\",\"position\":2,\"name\":\"Design\"}]},{\"@type\":\"WebSite\",\"@id\":\"https:\\\/\\\/vuelift.com\\\/fr-CA\\\/#website\",\"url\":\"https:\\\/\\\/vuelift.com\\\/fr-CA\\\/\",\"name\":\"Savaria Vuelift\",\"description\":\"Panoramic glass elevators\",\"publisher\":{\"@id\":\"https:\\\/\\\/vuelift.com\\\/fr-CA\\\/#organization\"},\"potentialAction\":[{\"@type\":\"SearchAction\",\"target\":{\"@type\":\"EntryPoint\",\"urlTemplate\":\"https:\\\/\\\/vuelift.com\\\/fr-CA\\\/?s={search_term_string}\"},\"query-input\":{\"@type\":\"PropertyValueSpecification\",\"valueRequired\":true,\"valueName\":\"search_term_string\"}}],\"inLanguage\":\"fr-CA\"},{\"@type\":\"Organization\",\"@id\":\"https:\\\/\\\/vuelift.com\\\/fr-CA\\\/#organization\",\"name\":\"Savaria Vuelift\",\"url\":\"https:\\\/\\\/vuelift.com\\\/fr-CA\\\/\",\"logo\":{\"@type\":\"ImageObject\",\"inLanguage\":\"fr-CA\",\"@id\":\"https:\\\/\\\/vuelift.com\\\/fr-CA\\\/#\\\/schema\\\/logo\\\/image\\\/\",\"url\":\"https:\\\/\\\/vuelift.com\\\/wp-content\\\/uploads\\\/2018\\\/06\\\/savaria-logo.png\",\"contentUrl\":\"https:\\\/\\\/vuelift.com\\\/wp-content\\\/uploads\\\/2018\\\/06\\\/savaria-logo.png\",\"width\":\"548\",\"height\":\"156\",\"caption\":\"Savaria Vuelift\"},\"image\":{\"@id\":\"https:\\\/\\\/vuelift.com\\\/fr-CA\\\/#\\\/schema\\\/logo\\\/image\\\/\"},\"sameAs\":[\"https:\\\/\\\/www.facebook.com\\\/savariabettermobility\",\"https:\\\/\\\/x.com\\\/mobilityforlife\",\"https:\\\/\\\/www.instagram.com\\\/savariavuelift\\\/\",\"https:\\\/\\\/www.linkedin.com\\\/company\\\/savaria-inc\\\/\",\"https:\\\/\\\/www.pinterest.ca\\\/mobilityforlife\\\/\",\"https:\\\/\\\/www.youtube.com\\\/user\\\/bettermobility4life\"]}]}<\/script>\n<!-- \/ Yoast SEO Premium plugin. -->","yoast_head_json":{"title":"Ascenseurs de luxe | Ascenseur en verre | Vuelift de Savaria","description":"L'ascenseur panoramique en verre Savaria Vuelift est le nec plus ultra du luxe. Avec un choix de mod\u00e8les ronds et octogonaux fabriqu\u00e9s avec les meilleurs mat\u00e9riaux pour r\u00e9pondre aux normes de s\u00e9curit\u00e9 les plus strictes, le Vuelift augmente le confort au foyer et se d\u00e9marque par son design unique.","robots":{"index":"index","follow":"follow","max-snippet":"max-snippet:-1","max-image-preview":"max-image-preview:large","max-video-preview":"max-video-preview:-1"},"canonical":"https:\/\/vuelift.com\/fr-CA\/design\/","og_locale":"fr_CA","og_type":"article","og_title":"Design","og_description":"L'ascenseur panoramique en verre Savaria Vuelift est le nec plus ultra du luxe. Avec un choix de mod\u00e8les ronds et octogonaux fabriqu\u00e9s avec les meilleurs mat\u00e9riaux pour r\u00e9pondre aux normes de s\u00e9curit\u00e9 les plus strictes, le Vuelift augmente le confort au foyer et se d\u00e9marque par son design unique.","og_url":"https:\/\/vuelift.com\/fr-CA\/design\/","og_site_name":"Savaria Vuelift","article_publisher":"https:\/\/www.facebook.com\/savariabettermobility","article_modified_time":"2026-01-09T19:32:57+00:00","twitter_card":"summary_large_image","twitter_site":"@mobilityforlife","schema":{"@context":"https:\/\/schema.org","@graph":[{"@type":"WebPage","@id":"https:\/\/vuelift.com\/fr-CA\/design\/","url":"https:\/\/vuelift.com\/fr-CA\/design\/","name":"Ascenseurs de luxe | Ascenseur en verre | Vuelift de Savaria","isPartOf":{"@id":"https:\/\/vuelift.com\/fr-CA\/#website"},"datePublished":"2018-05-07T14:04:18+00:00","dateModified":"2026-01-09T19:32:57+00:00","description":"L'ascenseur panoramique en verre Savaria Vuelift est le nec plus ultra du luxe. Avec un choix de mod\u00e8les ronds et octogonaux fabriqu\u00e9s avec les meilleurs mat\u00e9riaux pour r\u00e9pondre aux normes de s\u00e9curit\u00e9 les plus strictes, le Vuelift augmente le confort au foyer et se d\u00e9marque par son design unique.","breadcrumb":{"@id":"https:\/\/vuelift.com\/fr-CA\/design\/#breadcrumb"},"inLanguage":"fr-CA","potentialAction":[{"@type":"ReadAction","target":["https:\/\/vuelift.com\/fr-CA\/design\/"]}]},{"@type":"BreadcrumbList","@id":"https:\/\/vuelift.com\/fr-CA\/design\/#breadcrumb","itemListElement":[{"@type":"ListItem","position":1,"name":"Accueil","item":"https:\/\/vuelift.com\/fr-CA\/"},{"@type":"ListItem","position":2,"name":"Design"}]},{"@type":"WebSite","@id":"https:\/\/vuelift.com\/fr-CA\/#website","url":"https:\/\/vuelift.com\/fr-CA\/","name":"Savaria Vuelift","description":"Panoramic glass elevators","publisher":{"@id":"https:\/\/vuelift.com\/fr-CA\/#organization"},"potentialAction":[{"@type":"SearchAction","target":{"@type":"EntryPoint","urlTemplate":"https:\/\/vuelift.com\/fr-CA\/?s={search_term_string}"},"query-input":{"@type":"PropertyValueSpecification","valueRequired":true,"valueName":"search_term_string"}}],"inLanguage":"fr-CA"},{"@type":"Organization","@id":"https:\/\/vuelift.com\/fr-CA\/#organization","name":"Savaria Vuelift","url":"https:\/\/vuelift.com\/fr-CA\/","logo":{"@type":"ImageObject","inLanguage":"fr-CA","@id":"https:\/\/vuelift.com\/fr-CA\/#\/schema\/logo\/image\/","url":"https:\/\/vuelift.com\/wp-content\/uploads\/2018\/06\/savaria-logo.png","contentUrl":"https:\/\/vuelift.com\/wp-content\/uploads\/2018\/06\/savaria-logo.png","width":"548","height":"156","caption":"Savaria Vuelift"},"image":{"@id":"https:\/\/vuelift.com\/fr-CA\/#\/schema\/logo\/image\/"},"sameAs":["https:\/\/www.facebook.com\/savariabettermobility","https:\/\/x.com\/mobilityforlife","https:\/\/www.instagram.com\/savariavuelift\/","https:\/\/www.linkedin.com\/company\/savaria-inc\/","https:\/\/www.pinterest.ca\/mobilityforlife\/","https:\/\/www.youtube.com\/user\/bettermobility4life"]}]}},"_links":{"self":[{"href":"https:\/\/vuelift.com\/fr-CA\/wp-json\/wp\/v2\/pages\/2115","targetHints":{"allow":["GET"]}}],"collection":[{"href":"https:\/\/vuelift.com\/fr-CA\/wp-json\/wp\/v2\/pages"}],"about":[{"href":"https:\/\/vuelift.com\/fr-CA\/wp-json\/wp\/v2\/types\/page"}],"author":[{"embeddable":true,"href":"https:\/\/vuelift.com\/fr-CA\/wp-json\/wp\/v2\/users\/8"}],"replies":[{"embeddable":true,"href":"https:\/\/vuelift.com\/fr-CA\/wp-json\/wp\/v2\/comments?post=2115"}],"version-history":[{"count":0,"href":"https:\/\/vuelift.com\/fr-CA\/wp-json\/wp\/v2\/pages\/2115\/revisions"}],"wp:attachment":[{"href":"https:\/\/vuelift.com\/fr-CA\/wp-json\/wp\/v2\/media?parent=2115"}],"curies":[{"name":"wp","href":"https:\/\/api.w.org\/{rel}","templated":true}]}}