{"id":4561,"date":"2020-07-06T17:36:47","date_gmt":"2020-07-06T17:36:47","guid":{"rendered":"https:\/\/vuelift.com\/unterstuetzung\/"},"modified":"2024-08-13T16:25:27","modified_gmt":"2024-08-13T20:25:27","slug":"unterstuetzung","status":"publish","type":"page","link":"https:\/\/vuelift.com\/ch\/unterstuetzung\/","title":{"rendered":"Unterst\u00fctzung"},"content":{"rendered":"","protected":false},"excerpt":{"rendered":"","protected":false},"author":8,"featured_media":0,"parent":0,"menu_order":29,"comment_status":"closed","ping_status":"closed","template":"","meta":{"_acf_changed":false,"footnotes":""},"class_list":["post-4561","page","type-page","status-publish","hentry"],"acf":[],"yoast_head":"<!-- This site is optimized with the Yoast SEO Premium plugin v27.2 (Yoast SEO v27.3) - https:\/\/yoast.com\/product\/yoast-seo-premium-wordpress\/ -->\n<title>Unterst\u00fctzung | Glas-Homelifte | Vuelift von Savaria<\/title>\n<meta name=\"description\" content=\"M\u00fcssen Sie Ihr Produkt registrieren? Ben\u00f6tigen Sie Unterst\u00fctzung zu einem bestehenden Produkt? Kontaktieren Sie unser Team 24\/7.\" \/>\n<meta name=\"robots\" content=\"index, follow, max-snippet:-1, max-image-preview:large, max-video-preview:-1\" \/>\n<link rel=\"canonical\" href=\"https:\/\/vuelift.com\/ch\/unterstuetzung\/\" \/>\n<meta property=\"og:locale\" content=\"de_DE\" \/>\n<meta property=\"og:type\" content=\"article\" \/>\n<meta property=\"og:title\" content=\"Unterst\u00fctzung\" \/>\n<meta property=\"og:description\" content=\"M\u00fcssen Sie Ihr Produkt registrieren? Ben\u00f6tigen Sie Unterst\u00fctzung zu einem bestehenden Produkt? Kontaktieren Sie unser Team 24\/7.\" \/>\n<meta property=\"og:url\" content=\"https:\/\/vuelift.com\/ch\/unterstuetzung\/\" \/>\n<meta property=\"og:site_name\" content=\"Savaria Vuelift\" \/>\n<meta property=\"article:publisher\" content=\"https:\/\/www.facebook.com\/savariabettermobility\" \/>\n<meta property=\"article:modified_time\" content=\"2024-08-13T20:25:27+00:00\" \/>\n<meta name=\"twitter:card\" content=\"summary_large_image\" \/>\n<meta name=\"twitter:site\" content=\"@mobilityforlife\" \/>\n<script type=\"application\/ld+json\" class=\"yoast-schema-graph\">{\"@context\":\"https:\\\/\\\/schema.org\",\"@graph\":[{\"@type\":\"WebPage\",\"@id\":\"https:\\\/\\\/vuelift.com\\\/ch\\\/unterstuetzung\\\/\",\"url\":\"https:\\\/\\\/vuelift.com\\\/ch\\\/unterstuetzung\\\/\",\"name\":\"Unterst\u00fctzung | Glas-Homelifte | Vuelift von Savaria\",\"isPartOf\":{\"@id\":\"https:\\\/\\\/vuelift.com\\\/ch\\\/#website\"},\"datePublished\":\"2020-07-06T17:36:47+00:00\",\"dateModified\":\"2024-08-13T20:25:27+00:00\",\"description\":\"M\u00fcssen Sie Ihr Produkt registrieren? Ben\u00f6tigen Sie Unterst\u00fctzung zu einem bestehenden Produkt? Kontaktieren Sie unser Team 24\\\/7.\",\"breadcrumb\":{\"@id\":\"https:\\\/\\\/vuelift.com\\\/ch\\\/unterstuetzung\\\/#breadcrumb\"},\"inLanguage\":\"de-CH\",\"potentialAction\":[{\"@type\":\"ReadAction\",\"target\":[\"https:\\\/\\\/vuelift.com\\\/ch\\\/unterstuetzung\\\/\"]}]},{\"@type\":\"BreadcrumbList\",\"@id\":\"https:\\\/\\\/vuelift.com\\\/ch\\\/unterstuetzung\\\/#breadcrumb\",\"itemListElement\":[{\"@type\":\"ListItem\",\"position\":1,\"name\":\"Home\",\"item\":\"https:\\\/\\\/vuelift.com\\\/ch\\\/\"},{\"@type\":\"ListItem\",\"position\":2,\"name\":\"Unterst\u00fctzung\"}]},{\"@type\":\"WebSite\",\"@id\":\"https:\\\/\\\/vuelift.com\\\/ch\\\/#website\",\"url\":\"https:\\\/\\\/vuelift.com\\\/ch\\\/\",\"name\":\"Savaria Vuelift\",\"description\":\"Panoramic glass elevators\",\"publisher\":{\"@id\":\"https:\\\/\\\/vuelift.com\\\/ch\\\/#organization\"},\"potentialAction\":[{\"@type\":\"SearchAction\",\"target\":{\"@type\":\"EntryPoint\",\"urlTemplate\":\"https:\\\/\\\/vuelift.com\\\/ch\\\/?s={search_term_string}\"},\"query-input\":{\"@type\":\"PropertyValueSpecification\",\"valueRequired\":true,\"valueName\":\"search_term_string\"}}],\"inLanguage\":\"de-CH\"},{\"@type\":\"Organization\",\"@id\":\"https:\\\/\\\/vuelift.com\\\/ch\\\/#organization\",\"name\":\"Savaria Vuelift\",\"url\":\"https:\\\/\\\/vuelift.com\\\/ch\\\/\",\"logo\":{\"@type\":\"ImageObject\",\"inLanguage\":\"de-CH\",\"@id\":\"https:\\\/\\\/vuelift.com\\\/ch\\\/#\\\/schema\\\/logo\\\/image\\\/\",\"url\":\"https:\\\/\\\/vuelift.com\\\/wp-content\\\/uploads\\\/2018\\\/06\\\/savaria-logo.png\",\"contentUrl\":\"https:\\\/\\\/vuelift.com\\\/wp-content\\\/uploads\\\/2018\\\/06\\\/savaria-logo.png\",\"width\":\"548\",\"height\":\"156\",\"caption\":\"Savaria Vuelift\"},\"image\":{\"@id\":\"https:\\\/\\\/vuelift.com\\\/ch\\\/#\\\/schema\\\/logo\\\/image\\\/\"},\"sameAs\":[\"https:\\\/\\\/www.facebook.com\\\/savariabettermobility\",\"https:\\\/\\\/x.com\\\/mobilityforlife\",\"https:\\\/\\\/www.instagram.com\\\/savariavuelift\\\/\",\"https:\\\/\\\/www.linkedin.com\\\/company\\\/savaria-inc\\\/\",\"https:\\\/\\\/www.pinterest.ca\\\/mobilityforlife\\\/\",\"https:\\\/\\\/www.youtube.com\\\/user\\\/bettermobility4life\"]}]}<\/script>\n<!-- \/ Yoast SEO Premium plugin. -->","yoast_head_json":{"title":"Unterst\u00fctzung | Glas-Homelifte | Vuelift von Savaria","description":"M\u00fcssen Sie Ihr Produkt registrieren? Ben\u00f6tigen Sie Unterst\u00fctzung zu einem bestehenden Produkt? Kontaktieren Sie unser Team 24\/7.","robots":{"index":"index","follow":"follow","max-snippet":"max-snippet:-1","max-image-preview":"max-image-preview:large","max-video-preview":"max-video-preview:-1"},"canonical":"https:\/\/vuelift.com\/ch\/unterstuetzung\/","og_locale":"de_DE","og_type":"article","og_title":"Unterst\u00fctzung","og_description":"M\u00fcssen Sie Ihr Produkt registrieren? Ben\u00f6tigen Sie Unterst\u00fctzung zu einem bestehenden Produkt? Kontaktieren Sie unser Team 24\/7.","og_url":"https:\/\/vuelift.com\/ch\/unterstuetzung\/","og_site_name":"Savaria Vuelift","article_publisher":"https:\/\/www.facebook.com\/savariabettermobility","article_modified_time":"2024-08-13T20:25:27+00:00","twitter_card":"summary_large_image","twitter_site":"@mobilityforlife","schema":{"@context":"https:\/\/schema.org","@graph":[{"@type":"WebPage","@id":"https:\/\/vuelift.com\/ch\/unterstuetzung\/","url":"https:\/\/vuelift.com\/ch\/unterstuetzung\/","name":"Unterst\u00fctzung | Glas-Homelifte | Vuelift von Savaria","isPartOf":{"@id":"https:\/\/vuelift.com\/ch\/#website"},"datePublished":"2020-07-06T17:36:47+00:00","dateModified":"2024-08-13T20:25:27+00:00","description":"M\u00fcssen Sie Ihr Produkt registrieren? Ben\u00f6tigen Sie Unterst\u00fctzung zu einem bestehenden Produkt? Kontaktieren Sie unser Team 24\/7.","breadcrumb":{"@id":"https:\/\/vuelift.com\/ch\/unterstuetzung\/#breadcrumb"},"inLanguage":"de-CH","potentialAction":[{"@type":"ReadAction","target":["https:\/\/vuelift.com\/ch\/unterstuetzung\/"]}]},{"@type":"BreadcrumbList","@id":"https:\/\/vuelift.com\/ch\/unterstuetzung\/#breadcrumb","itemListElement":[{"@type":"ListItem","position":1,"name":"Home","item":"https:\/\/vuelift.com\/ch\/"},{"@type":"ListItem","position":2,"name":"Unterst\u00fctzung"}]},{"@type":"WebSite","@id":"https:\/\/vuelift.com\/ch\/#website","url":"https:\/\/vuelift.com\/ch\/","name":"Savaria Vuelift","description":"Panoramic glass elevators","publisher":{"@id":"https:\/\/vuelift.com\/ch\/#organization"},"potentialAction":[{"@type":"SearchAction","target":{"@type":"EntryPoint","urlTemplate":"https:\/\/vuelift.com\/ch\/?s={search_term_string}"},"query-input":{"@type":"PropertyValueSpecification","valueRequired":true,"valueName":"search_term_string"}}],"inLanguage":"de-CH"},{"@type":"Organization","@id":"https:\/\/vuelift.com\/ch\/#organization","name":"Savaria Vuelift","url":"https:\/\/vuelift.com\/ch\/","logo":{"@type":"ImageObject","inLanguage":"de-CH","@id":"https:\/\/vuelift.com\/ch\/#\/schema\/logo\/image\/","url":"https:\/\/vuelift.com\/wp-content\/uploads\/2018\/06\/savaria-logo.png","contentUrl":"https:\/\/vuelift.com\/wp-content\/uploads\/2018\/06\/savaria-logo.png","width":"548","height":"156","caption":"Savaria Vuelift"},"image":{"@id":"https:\/\/vuelift.com\/ch\/#\/schema\/logo\/image\/"},"sameAs":["https:\/\/www.facebook.com\/savariabettermobility","https:\/\/x.com\/mobilityforlife","https:\/\/www.instagram.com\/savariavuelift\/","https:\/\/www.linkedin.com\/company\/savaria-inc\/","https:\/\/www.pinterest.ca\/mobilityforlife\/","https:\/\/www.youtube.com\/user\/bettermobility4life"]}]}},"_links":{"self":[{"href":"https:\/\/vuelift.com\/ch\/wp-json\/wp\/v2\/pages\/4561","targetHints":{"allow":["GET"]}}],"collection":[{"href":"https:\/\/vuelift.com\/ch\/wp-json\/wp\/v2\/pages"}],"about":[{"href":"https:\/\/vuelift.com\/ch\/wp-json\/wp\/v2\/types\/page"}],"author":[{"embeddable":true,"href":"https:\/\/vuelift.com\/ch\/wp-json\/wp\/v2\/users\/8"}],"replies":[{"embeddable":true,"href":"https:\/\/vuelift.com\/ch\/wp-json\/wp\/v2\/comments?post=4561"}],"version-history":[{"count":0,"href":"https:\/\/vuelift.com\/ch\/wp-json\/wp\/v2\/pages\/4561\/revisions"}],"wp:attachment":[{"href":"https:\/\/vuelift.com\/ch\/wp-json\/wp\/v2\/media?parent=4561"}],"curies":[{"name":"wp","href":"https:\/\/api.w.org\/{rel}","templated":true}]}}